{"id":104244,"date":"2026-04-04T12:09:36","date_gmt":"2026-04-04T10:09:36","guid":{"rendered":"https:\/\/www.weingut-cuntz-scheu.de\/Catalog\/?product=nr-25212025er-schweigener-sonnenberg-gewuerztraminer-spaetlese-feinherb-075l"},"modified":"2026-04-05T15:42:19","modified_gmt":"2026-04-05T13:42:19","slug":"nr-25212025er-schweigener-sonnenberg-gewuerztraminer-spaetlese-feinherb-075l","status":"publish","type":"product","link":"https:\/\/www.weingut-cuntz-scheu.de\/Catalog\/?product=nr-25212025er-schweigener-sonnenberg-gewuerztraminer-spaetlese-feinherb-075l","title":{"rendered":"<br><h1>Nr. 2521<\/h1><br>2025er Schweigener Sonnenberg Gew\u00fcrztraminer Sp\u00e4tlese  feinherb 0,75l<br>"},"content":{"rendered":"<div align=\"left\"><font size=\"1\">2025er Schweigener Sonnenberg Gew\u00fcrztraminer Sp\u00e4tlese  feinherb 0,75l<\/p>\n<p>        <font><\/font><\/p>\n<p><\/font><\/div>\n<table WIDTH=\"60%\" BORDER=\"0\" align=\"left\" CELLPADDING=\"0\" CELLSPACING=\"0\"><\/p>\n<tr><\/p>\n<td width=\"53%\"><font size=\"-1\">Artikelnummer:<\/font><\/td>\n<td width=\"47%\"><font size=\"-1\"><strong>2521<\/strong><\/font><\/td>\n<p><\/tr>\n<tr><\/p>\n<td><font size=\"-1\">Inhalt<\/font><\/td>\n<td><font size=\"-1\"><strong>0,75 Ltr.<\/strong><\/font><\/td>\n<p><\/tr>\n<tr ALIGN=\"LEFT\"><\/p>\n<td><font size=\"-1\">Preis\/Ltr.<\/font><\/td>\n<td><font size=\"-1\"><strong>11,20 EUR pro Ltr.<\/strong><\/font><\/td>\n<p><\/tr>\n<tr><\/p>\n<td><font size=\"-1\">Weinart:<\/font><\/td>\n<td><font size=\"-1\"><strong>Wei\u00dfwein<\/strong><\/font><\/td>\n<p><\/tr>\n<tr><\/p>\n<td><font size=\"-1\">Qualit&auml;tsstufe<\/font><\/td>\n<td><font size=\"-1\"><strong>Sp\u00e4tlese<\/strong><\/font><\/td>\n<p><\/tr>\n<tr><\/p>\n<td><font size=\"-1\">Rebsorte<\/font><\/td>\n<td><font size=\"-1\"><strong>Gew\u00fcrztraminer<\/strong><\/font><\/td>\n<p><\/tr>\n<tr>  <\/p>\n<td><font size=\"-1\">Restzuckergehalt<\/font><\/td>\n<p>  <\/p>\n<td><font size=\"-1\"><strong>18,6 g\/Ltr.<\/strong><\/font><\/td>\n<p><\/tr>\n<p><\/p>\n<tr><\/p>\n<td><font size=\"-1\">Alkoholgehalt<\/font><\/td>\n<td><font size=\"-1\"><strong>13,5 Vol. %<\/strong><\/font><\/td>\n<p><\/tr>\n<p><\/p>\n<tr>\n<td><font size=\"-1\">Bio:<\/font><\/td>\n<td><font size=\"-1\"><strong>NEIN<\/strong><\/font><\/td>\n<\/tr>\n<p><\/p>\n<tr>\n<td><font size=\"-1\">vegan:<\/font><\/td>\n<td><font size=\"-1\"><strong>JA<\/strong><\/font><\/td>\n<\/tr>\n<p><\/p>\n<tr>\n<td><font size=\"-1\">Ursprungsland:<\/font><\/td>\n<td><font size=\"-1\"><strong><\/strong><\/font><\/td>\n<\/tr>\n<p><\/p>\n<tr>\n<td><font size=\"-1\">enth\u00e4lt Allergene:<\/font><\/td>\n<td><font size=\"-1\"><strong>Sulfite<\/strong><\/font><\/td>\n<\/tr>\n<p><\/table>\n","protected":false},"excerpt":{"rendered":"<p>2025er Schweigener Sonnenberg Gew\u00fcrztraminer Sp\u00e4tlese feinherb 0,75l Artikelnummer: 2521 Inhalt 0,75 Ltr. Preis\/Ltr. 11,20 EUR pro Ltr. Weinart: Wei\u00dfwein Qualit&auml;tsstufe Sp\u00e4tlese Rebsorte Gew\u00fcrztraminer Restzuckergehalt 18,6 g\/Ltr. Alkoholgehalt 13,5 Vol. % Bio: NEIN vegan: JA Ursprungsland: enth\u00e4lt Allergene: Sulfite<\/p>\n","protected":false},"featured_media":0,"comment_status":"open","ping_status":"closed","template":"","meta":[],"product_brand":[],"product_cat":[7231,7235],"product_tag":[],"class_list":{"0":"post-104244","1":"product","2":"type-product","3":"status-publish","5":"product_cat-weissweine","6":"product_cat-weissweine-feinherb","8":"first","9":"instock","10":"taxable","11":"shipping-taxable","12":"purchasable","13":"product-type-simple"},"_links":{"self":[{"href":"https:\/\/www.weingut-cuntz-scheu.de\/Catalog\/index.php?rest_route=\/wp\/v2\/product\/104244"}],"collection":[{"href":"https:\/\/www.weingut-cuntz-scheu.de\/Catalog\/index.php?rest_route=\/wp\/v2\/product"}],"about":[{"href":"https:\/\/www.weingut-cuntz-scheu.de\/Catalog\/index.php?rest_route=\/wp\/v2\/types\/product"}],"replies":[{"embeddable":true,"href":"https:\/\/www.weingut-cuntz-scheu.de\/Catalog\/index.php?rest_route=%2Fwp%2Fv2%2Fcomments&post=104244"}],"wp:attachment":[{"href":"https:\/\/www.weingut-cuntz-scheu.de\/Catalog\/index.php?rest_route=%2Fwp%2Fv2%2Fmedia&parent=104244"}],"wp:term":[{"taxonomy":"product_brand","embeddable":true,"href":"https:\/\/www.weingut-cuntz-scheu.de\/Catalog\/index.php?rest_route=%2Fwp%2Fv2%2Fproduct_brand&post=104244"},{"taxonomy":"product_cat","embeddable":true,"href":"https:\/\/www.weingut-cuntz-scheu.de\/Catalog\/index.php?rest_route=%2Fwp%2Fv2%2Fproduct_cat&post=104244"},{"taxonomy":"product_tag","embeddable":true,"href":"https:\/\/www.weingut-cuntz-scheu.de\/Catalog\/index.php?rest_route=%2Fwp%2Fv2%2Fproduct_tag&post=104244"}],"curies":[{"name":"wp","href":"https:\/\/api.w.org\/{rel}","templated":true}]}}