{"id":104016,"date":"2025-06-18T14:02:47","date_gmt":"2025-06-18T12:02:47","guid":{"rendered":"https:\/\/www.weingut-cuntz-scheu.de\/Catalog\/?product=nr-24032024er-schweigener-sonnenberg-riesling-qualitaetswein-trocken-10l"},"modified":"2026-04-14T11:56:27","modified_gmt":"2026-04-14T09:56:27","slug":"nr-24032024er-schweigener-sonnenberg-riesling-qualitaetswein-trocken-10l","status":"publish","type":"product","link":"https:\/\/www.weingut-cuntz-scheu.de\/Catalog\/?product=nr-24032024er-schweigener-sonnenberg-riesling-qualitaetswein-trocken-10l","title":{"rendered":"<br><h1>Nr. 2403<\/h1><br>2024er Schweigener Sonnenberg Riesling Qualit\u00e4tswein  trocken 1,0l<br>"},"content":{"rendered":"<div align=\"left\"><font size=\"1\">2024er Schweigener Sonnenberg Riesling Qualit\u00e4tswein  trocken 1,0l<\/p>\n<p>        <font><!-- IBGHTML --><strong><font size=\"5\"><em>Silberne Kammerpreism\u00fcnze 2025<\/p>\n<p><\/em><span style='font-family: \"Times New Roman\";font-size: 8pt'>zur franz\u00f6sischen Leberpastete<\/span><\/font><\/strong><\/font><\/p>\n<p><\/font><\/div>\n<table WIDTH=\"60%\" BORDER=\"0\" align=\"left\" CELLPADDING=\"0\" CELLSPACING=\"0\"><\/p>\n<tr><\/p>\n<td width=\"53%\"><font size=\"-1\">Artikelnummer:<\/font><\/td>\n<td width=\"47%\"><font size=\"-1\"><strong>2403<\/strong><\/font><\/td>\n<p><\/tr>\n<tr><\/p>\n<td><font size=\"-1\">Inhalt<\/font><\/td>\n<td><font size=\"-1\"><strong>1,0 Ltr.<\/strong><\/font><\/td>\n<p><\/tr>\n<tr ALIGN=\"LEFT\"><\/p>\n<td><font size=\"-1\">Preis\/Ltr.<\/font><\/td>\n<td><font size=\"-1\"><strong>6,00 EUR pro Ltr.<\/strong><\/font><\/td>\n<p><\/tr>\n<tr><\/p>\n<td><font size=\"-1\">Weinart:<\/font><\/td>\n<td><font size=\"-1\"><strong>Wei\u00dfwein<\/strong><\/font><\/td>\n<p><\/tr>\n<tr><\/p>\n<td><font size=\"-1\">Qualit&auml;tsstufe<\/font><\/td>\n<td><font size=\"-1\"><strong>Qualit\u00e4tswein<\/strong><\/font><\/td>\n<p><\/tr>\n<tr><\/p>\n<td><font size=\"-1\">Rebsorte<\/font><\/td>\n<td><font size=\"-1\"><strong>Riesling<\/strong><\/font><\/td>\n<p><\/tr>\n<tr>  <\/p>\n<td><font size=\"-1\">Restzuckergehalt<\/font><\/td>\n<p>  <\/p>\n<td><font size=\"-1\"><strong>8 g\/Ltr.<\/strong><\/font><\/td>\n<p><\/tr>\n<p><\/p>\n<tr><\/p>\n<td><font size=\"-1\">Alkoholgehalt<\/font><\/td>\n<td><font size=\"-1\"><strong>11,5 Vol. %<\/strong><\/font><\/td>\n<p><\/tr>\n<p><\/p>\n<tr>\n<td><font size=\"-1\">Bio:<\/font><\/td>\n<td><font size=\"-1\"><strong>NEIN<\/strong><\/font><\/td>\n<\/tr>\n<p><\/p>\n<tr>\n<td><font size=\"-1\">vegan:<\/font><\/td>\n<td><font size=\"-1\"><strong>JA<\/strong><\/font><\/td>\n<\/tr>\n<p><\/p>\n<tr>\n<td><font size=\"-1\">Ursprungsland:<\/font><\/td>\n<td><font size=\"-1\"><strong><\/strong><\/font><\/td>\n<\/tr>\n<p><\/p>\n<tr>\n<td><font size=\"-1\">enth\u00e4lt Allergene:<\/font><\/td>\n<td><font size=\"-1\"><strong>Sulfite<\/strong><\/font><\/td>\n<\/tr>\n<p><\/table>\n","protected":false},"excerpt":{"rendered":"<p>2024er Schweigener Sonnenberg Riesling Qualit\u00e4tswein trocken 1,0l Silberne Kammerpreism\u00fcnze 2025 zur franz\u00f6sischen Leberpastete Artikelnummer: 2403 Inhalt 1,0 Ltr. Preis\/Ltr. 6,00 EUR pro Ltr. Weinart: Wei\u00dfwein Qualit&auml;tsstufe Qualit\u00e4tswein Rebsorte Riesling Restzuckergehalt 8 g\/Ltr. Alkoholgehalt 11,5 Vol. % Bio: NEIN vegan: JA Ursprungsland: enth\u00e4lt Allergene: Sulfite<\/p>\n","protected":false},"featured_media":0,"comment_status":"open","ping_status":"closed","template":"","meta":[],"product_brand":[],"product_cat":[7231,7234],"product_tag":[],"class_list":{"0":"post-104016","1":"product","2":"type-product","3":"status-publish","5":"product_cat-weissweine","6":"product_cat-weissweine-trocken","8":"first","9":"instock","10":"taxable","11":"shipping-taxable","12":"purchasable","13":"product-type-simple"},"_links":{"self":[{"href":"https:\/\/www.weingut-cuntz-scheu.de\/Catalog\/index.php?rest_route=\/wp\/v2\/product\/104016"}],"collection":[{"href":"https:\/\/www.weingut-cuntz-scheu.de\/Catalog\/index.php?rest_route=\/wp\/v2\/product"}],"about":[{"href":"https:\/\/www.weingut-cuntz-scheu.de\/Catalog\/index.php?rest_route=\/wp\/v2\/types\/product"}],"replies":[{"embeddable":true,"href":"https:\/\/www.weingut-cuntz-scheu.de\/Catalog\/index.php?rest_route=%2Fwp%2Fv2%2Fcomments&post=104016"}],"wp:attachment":[{"href":"https:\/\/www.weingut-cuntz-scheu.de\/Catalog\/index.php?rest_route=%2Fwp%2Fv2%2Fmedia&parent=104016"}],"wp:term":[{"taxonomy":"product_brand","embeddable":true,"href":"https:\/\/www.weingut-cuntz-scheu.de\/Catalog\/index.php?rest_route=%2Fwp%2Fv2%2Fproduct_brand&post=104016"},{"taxonomy":"product_cat","embeddable":true,"href":"https:\/\/www.weingut-cuntz-scheu.de\/Catalog\/index.php?rest_route=%2Fwp%2Fv2%2Fproduct_cat&post=104016"},{"taxonomy":"product_tag","embeddable":true,"href":"https:\/\/www.weingut-cuntz-scheu.de\/Catalog\/index.php?rest_route=%2Fwp%2Fv2%2Fproduct_tag&post=104016"}],"curies":[{"name":"wp","href":"https:\/\/api.w.org\/{rel}","templated":true}]}}