{"id":103611,"date":"2023-08-18T11:31:04","date_gmt":"2023-08-18T09:31:04","guid":{"rendered":"https:\/\/www.weingut-cuntz-scheu.de\/Catalog\/?product=nr-76271976er-schweigener-sonnenberg-gewuerztraminer-beerenauslese-edelsuess-07l"},"modified":"2026-04-14T11:56:45","modified_gmt":"2026-04-14T09:56:45","slug":"nr-76271976er-schweigener-sonnenberg-gewuerztraminer-beerenauslese-edelsuess-07l","status":"publish","type":"product","link":"https:\/\/www.weingut-cuntz-scheu.de\/Catalog\/?product=nr-76271976er-schweigener-sonnenberg-gewuerztraminer-beerenauslese-edelsuess-07l","title":{"rendered":"<br><h1>Nr. 7627<\/h1><br>1976er Schweigener Sonnenberg Gew\u00fcrztraminer Beerenauslese  edels\u00fcss 0,7l<br>"},"content":{"rendered":"<div align=\"left\"><font size=\"1\">1976er Schweigener Sonnenberg Gew\u00fcrztraminer Beerenauslese  edels\u00fcss 0,7l<\/p>\n<p>        <font><!-- IBGHTML --><strong><font size=\"4\"><em>Goldene Kammerpreism\u00fcnze<\/p>\n<p>Goldener Preis der DLG<\/p>\n<p>DLG Rarit\u00e4tentrophy 2000<\/em><\/font><\/strong><\/font><\/p>\n<p><\/font><\/div>\n<table WIDTH=\"60%\" BORDER=\"0\" align=\"left\" CELLPADDING=\"0\" CELLSPACING=\"0\"><\/p>\n<tr><\/p>\n<td width=\"53%\"><font size=\"-1\">Artikelnummer:<\/font><\/td>\n<td width=\"47%\"><font size=\"-1\"><strong>7627<\/strong><\/font><\/td>\n<p><\/tr>\n<tr><\/p>\n<td><font size=\"-1\">Inhalt<\/font><\/td>\n<td><font size=\"-1\"><strong>0,7 Ltr.<\/strong><\/font><\/td>\n<p><\/tr>\n<tr ALIGN=\"LEFT\"><\/p>\n<td><font size=\"-1\">Preis\/Ltr.<\/font><\/td>\n<td><font size=\"-1\"><strong>100,00 EUR pro Ltr.<\/strong><\/font><\/td>\n<p><\/tr>\n<tr><\/p>\n<td><font size=\"-1\">Weinart:<\/font><\/td>\n<td><font size=\"-1\"><strong>Wei\u00dfwein<\/strong><\/font><\/td>\n<p><\/tr>\n<tr><\/p>\n<td><font size=\"-1\">Qualit&auml;tsstufe<\/font><\/td>\n<td><font size=\"-1\"><strong>Beerenauslese<\/strong><\/font><\/td>\n<p><\/tr>\n<tr><\/p>\n<td><font size=\"-1\">Rebsorte<\/font><\/td>\n<td><font size=\"-1\"><strong>Gew\u00fcrztraminer<\/strong><\/font><\/td>\n<p><\/tr>\n<tr>  <\/p>\n<td><font size=\"-1\">Restzuckergehalt<\/font><\/td>\n<p>  <\/p>\n<td><font size=\"-1\"><strong>66,4 g\/Ltr.<\/strong><\/font><\/td>\n<p><\/tr>\n<p><\/p>\n<tr><\/p>\n<td><font size=\"-1\">Alkoholgehalt<\/font><\/td>\n<td><font size=\"-1\"><strong>12,5 Vol. %<\/strong><\/font><\/td>\n<p><\/tr>\n<p><\/p>\n<tr>\n<td><font size=\"-1\">Bio:<\/font><\/td>\n<td><font size=\"-1\"><strong>NEIN<\/strong><\/font><\/td>\n<\/tr>\n<p><\/p>\n<tr>\n<td><font size=\"-1\">vegan:<\/font><\/td>\n<td><font size=\"-1\"><strong>NEIN<\/strong><\/font><\/td>\n<\/tr>\n<p><\/p>\n<tr>\n<td><font size=\"-1\">Ursprungsland:<\/font><\/td>\n<td><font size=\"-1\"><strong>Deutschland<\/strong><\/font><\/td>\n<\/tr>\n<p><\/p>\n<tr>\n<td><font size=\"-1\">enth\u00e4lt Allergene:<\/font><\/td>\n<td><font size=\"-1\"><strong>Sulfite<\/strong><\/font><\/td>\n<\/tr>\n<p><\/table>\n","protected":false},"excerpt":{"rendered":"<p>1976er Schweigener Sonnenberg Gew\u00fcrztraminer Beerenauslese edels\u00fcss 0,7l Goldene Kammerpreism\u00fcnze Goldener Preis der DLG DLG Rarit\u00e4tentrophy 2000 Artikelnummer: 7627 Inhalt 0,7 Ltr. Preis\/Ltr. 100,00 EUR pro Ltr. Weinart: Wei\u00dfwein Qualit&auml;tsstufe Beerenauslese Rebsorte Gew\u00fcrztraminer Restzuckergehalt 66,4 g\/Ltr. Alkoholgehalt 12,5 Vol. % Bio: NEIN vegan: NEIN Ursprungsland: Deutschland enth\u00e4lt Allergene: Sulfite<\/p>\n","protected":false},"featured_media":103534,"comment_status":"open","ping_status":"closed","template":"","meta":[],"product_brand":[],"product_cat":[7231,7230],"product_tag":[],"class_list":{"0":"post-103611","1":"product","2":"type-product","3":"status-publish","4":"has-post-thumbnail","6":"product_cat-weissweine","7":"product_cat-weissweine-lieblich-feinfruchtig","9":"first","10":"instock","11":"taxable","12":"shipping-taxable","13":"purchasable","14":"product-type-simple"},"_links":{"self":[{"href":"https:\/\/www.weingut-cuntz-scheu.de\/Catalog\/index.php?rest_route=\/wp\/v2\/product\/103611"}],"collection":[{"href":"https:\/\/www.weingut-cuntz-scheu.de\/Catalog\/index.php?rest_route=\/wp\/v2\/product"}],"about":[{"href":"https:\/\/www.weingut-cuntz-scheu.de\/Catalog\/index.php?rest_route=\/wp\/v2\/types\/product"}],"replies":[{"embeddable":true,"href":"https:\/\/www.weingut-cuntz-scheu.de\/Catalog\/index.php?rest_route=%2Fwp%2Fv2%2Fcomments&post=103611"}],"wp:featuredmedia":[{"embeddable":true,"href":"https:\/\/www.weingut-cuntz-scheu.de\/Catalog\/index.php?rest_route=\/wp\/v2\/media\/103534"}],"wp:attachment":[{"href":"https:\/\/www.weingut-cuntz-scheu.de\/Catalog\/index.php?rest_route=%2Fwp%2Fv2%2Fmedia&parent=103611"}],"wp:term":[{"taxonomy":"product_brand","embeddable":true,"href":"https:\/\/www.weingut-cuntz-scheu.de\/Catalog\/index.php?rest_route=%2Fwp%2Fv2%2Fproduct_brand&post=103611"},{"taxonomy":"product_cat","embeddable":true,"href":"https:\/\/www.weingut-cuntz-scheu.de\/Catalog\/index.php?rest_route=%2Fwp%2Fv2%2Fproduct_cat&post=103611"},{"taxonomy":"product_tag","embeddable":true,"href":"https:\/\/www.weingut-cuntz-scheu.de\/Catalog\/index.php?rest_route=%2Fwp%2Fv2%2Fproduct_tag&post=103611"}],"curies":[{"name":"wp","href":"https:\/\/api.w.org\/{rel}","templated":true}]}}