{"id":103559,"date":"2023-08-18T11:30:23","date_gmt":"2023-08-18T09:30:23","guid":{"rendered":"https:\/\/www.weingut-cuntz-scheu.de\/Catalog\/?product=nr-15462015er-wein-aperitiv-timido-05l"},"modified":"2025-10-28T11:33:21","modified_gmt":"2025-10-28T09:33:21","slug":"nr-15462015er-wein-aperitiv-timido-05l","status":"publish","type":"product","link":"https:\/\/www.weingut-cuntz-scheu.de\/Catalog\/?product=nr-15462015er-wein-aperitiv-timido-05l","title":{"rendered":"<br><h1>Nr. 1546<\/h1><br>2015er Wein-Aperitiv Timido   0,5l<br>"},"content":{"rendered":"<div align=\"left\"><font size=\"1\">2015er Wein-Aperitiv Timido   0,5l<\/p>\n<p>        <font><!-- IBGHTML --><\/p>\n<p align=\"left\" style=\"margin: 0cm 0cm 0pt;text-align: left\"><span style=\"font-size: 8pt\"><font size=\"5\"><strong><em>AWC Vienna Goldmedaille 2022<\/em><\/strong><\/p>\n<p>Timido No 1 Weinaperitiv nach portugiesischem Vorbild. Ausgew\u00e4hlteIngredenzien vereinen sich hier zum Trinkgenuss, welcher nicht nur zum Aperitivgereicht werden kann. Goldgelb im Glas pr\u00e4sentiert er sich vielschichtig,ausdrucksstark und mit einer harmonischen S\u00fc\u00dfe.<\/font><\/span><\/p>\n<p><\/font><\/p>\n<p><\/font><\/div>\n<table WIDTH=\"60%\" BORDER=\"0\" align=\"left\" CELLPADDING=\"0\" CELLSPACING=\"0\"><\/p>\n<tr><\/p>\n<td width=\"53%\"><font size=\"-1\">Artikelnummer:<\/font><\/td>\n<td width=\"47%\"><font size=\"-1\"><strong>1546<\/strong><\/font><\/td>\n<p><\/tr>\n<tr><\/p>\n<td><font size=\"-1\">Inhalt<\/font><\/td>\n<td><font size=\"-1\"><strong>0,5 Ltr.<\/strong><\/font><\/td>\n<p><\/tr>\n<tr ALIGN=\"LEFT\"><\/p>\n<td><font size=\"-1\">Preis\/Ltr.<\/font><\/td>\n<td><font size=\"-1\"><strong>53,00 EUR pro Ltr.<\/strong><\/font><\/td>\n<p><\/tr>\n<tr><\/p>\n<td><font size=\"-1\">Weinart:<\/font><\/td>\n<td><font size=\"-1\"><strong>Wei\u00dfwein<\/strong><\/font><\/td>\n<p><\/tr>\n<tr><\/p>\n<td><font size=\"-1\">Qualit&auml;tsstufe<\/font><\/td>\n<td><font size=\"-1\"><strong>Auslese<\/strong><\/font><\/td>\n<p><\/tr>\n<tr><\/p>\n<td><font size=\"-1\">Rebsorte<\/font><\/td>\n<td><font size=\"-1\"><strong>Grauer Burgunder<\/strong><\/font><\/td>\n<p><\/tr>\n<tr>  <\/p>\n<td><font size=\"-1\">Restzuckergehalt<\/font><\/td>\n<p>  <\/p>\n<td><font size=\"-1\"><strong>76,3 g\/Ltr.<\/strong><\/font><\/td>\n<p><\/tr>\n<p><\/p>\n<tr><\/p>\n<td><font size=\"-1\">Alkoholgehalt<\/font><\/td>\n<td><font size=\"-1\"><strong>18,5 Vol. %<\/strong><\/font><\/td>\n<p><\/tr>\n<p><\/p>\n<tr>\n<td><font size=\"-1\">Bio:<\/font><\/td>\n<td><font size=\"-1\"><strong>NEIN<\/strong><\/font><\/td>\n<\/tr>\n<p><\/p>\n<tr>\n<td><font size=\"-1\">vegan:<\/font><\/td>\n<td><font size=\"-1\"><strong>NEIN<\/strong><\/font><\/td>\n<\/tr>\n<p><\/p>\n<tr>\n<td><font size=\"-1\">Ursprungsland:<\/font><\/td>\n<td><font size=\"-1\"><strong>Deutschland<\/strong><\/font><\/td>\n<\/tr>\n<p><\/p>\n<tr>\n<td><font size=\"-1\">enth\u00e4lt Allergene:<\/font><\/td>\n<td><font size=\"-1\"><strong>Sulfite<\/strong><\/font><\/td>\n<\/tr>\n<p><\/table>\n","protected":false},"excerpt":{"rendered":"<p>2015er Wein-Aperitiv Timido 0,5l AWC Vienna Goldmedaille 2022 Timido No 1 Weinaperitiv nach portugiesischem Vorbild. Ausgew\u00e4hlteIngredenzien vereinen sich hier zum Trinkgenuss, welcher nicht nur zum Aperitivgereicht werden kann. Goldgelb im Glas pr\u00e4sentiert er sich vielschichtig,ausdrucksstark und mit einer harmonischen S\u00fc\u00dfe. Artikelnummer: 1546 Inhalt 0,5 Ltr. Preis\/Ltr. 53,00 EUR pro Ltr. Weinart: Wei\u00dfwein Qualit&auml;tsstufe Auslese Rebsorte [&hellip;]<\/p>\n","protected":false},"featured_media":0,"comment_status":"open","ping_status":"closed","template":"","meta":[],"product_brand":[],"product_cat":[7226,7225],"product_tag":[],"class_list":{"0":"post-103559","1":"product","2":"type-product","3":"status-publish","5":"product_cat-sonstiges","6":"product_cat-hochprozentiges","8":"first","9":"instock","10":"taxable","11":"shipping-taxable","12":"purchasable","13":"product-type-simple"},"_links":{"self":[{"href":"https:\/\/www.weingut-cuntz-scheu.de\/Catalog\/index.php?rest_route=\/wp\/v2\/product\/103559"}],"collection":[{"href":"https:\/\/www.weingut-cuntz-scheu.de\/Catalog\/index.php?rest_route=\/wp\/v2\/product"}],"about":[{"href":"https:\/\/www.weingut-cuntz-scheu.de\/Catalog\/index.php?rest_route=\/wp\/v2\/types\/product"}],"replies":[{"embeddable":true,"href":"https:\/\/www.weingut-cuntz-scheu.de\/Catalog\/index.php?rest_route=%2Fwp%2Fv2%2Fcomments&post=103559"}],"wp:attachment":[{"href":"https:\/\/www.weingut-cuntz-scheu.de\/Catalog\/index.php?rest_route=%2Fwp%2Fv2%2Fmedia&parent=103559"}],"wp:term":[{"taxonomy":"product_brand","embeddable":true,"href":"https:\/\/www.weingut-cuntz-scheu.de\/Catalog\/index.php?rest_route=%2Fwp%2Fv2%2Fproduct_brand&post=103559"},{"taxonomy":"product_cat","embeddable":true,"href":"https:\/\/www.weingut-cuntz-scheu.de\/Catalog\/index.php?rest_route=%2Fwp%2Fv2%2Fproduct_cat&post=103559"},{"taxonomy":"product_tag","embeddable":true,"href":"https:\/\/www.weingut-cuntz-scheu.de\/Catalog\/index.php?rest_route=%2Fwp%2Fv2%2Fproduct_tag&post=103559"}],"curies":[{"name":"wp","href":"https:\/\/api.w.org\/{rel}","templated":true}]}}