{"id":103546,"date":"2023-08-18T11:30:05","date_gmt":"2023-08-18T09:30:05","guid":{"rendered":"https:\/\/www.weingut-cuntz-scheu.de\/Catalog\/?product=nr-87rotweinessig-mit-chili-und-zitronengras"},"modified":"2026-04-14T11:56:11","modified_gmt":"2026-04-14T09:56:11","slug":"nr-87rotweinessig-mit-chili-und-zitronengras","status":"publish","type":"product","link":"https:\/\/www.weingut-cuntz-scheu.de\/Catalog\/?product=nr-87rotweinessig-mit-chili-und-zitronengras","title":{"rendered":"<br><h1>Nr. 87<\/h1><br>Rotweinessig mit Chili und Zitronengras<br>"},"content":{"rendered":"<div align=\"left\"><font size=\"1\">Rotweinessig mit Chili und Zitronengras<\/p>\n<p>        <font><br \/><!-- IBGHTML --><DIV>Hausfrau Gudrun empfiehlt: Entenpfanne s\u00fc\u00df-sauer betr\u00e4ufeln &#8211; Chutneys abrunden.<\/DIV><\/font><\/p>\n<p><\/font><\/div>\n<table WIDTH=\"60%\" BORDER=\"0\" align=\"left\" CELLPADDING=\"0\" CELLSPACING=\"0\"><\/p>\n<tr><\/p>\n<td width=\"53%\"><font size=\"-1\">Artikelnummer:<\/font><\/td>\n<td width=\"47%\"><font size=\"-1\"><strong>87<\/strong><\/font><\/td>\n<p><\/tr>\n<tr><\/p>\n<td><font size=\"-1\">Inhalt<\/font><\/td>\n<td><font size=\"-1\"><strong>0,5 Ltr.<\/strong><\/font><\/td>\n<p><\/tr>\n<tr ALIGN=\"LEFT\"><\/p>\n<td><font size=\"-1\">Preis\/Ltr.<\/font><\/td>\n<td><font size=\"-1\"><strong>17,80 EUR pro Ltr.<\/strong><\/font><\/td>\n<p><\/tr>\n<tr><\/p>\n<td><font size=\"-1\">Weinart:<\/font><\/td>\n<td><font size=\"-1\"><strong><\/strong><\/font><\/td>\n<p><\/tr>\n<tr><\/p>\n<td><font size=\"-1\">Qualit&auml;tsstufe<\/font><\/td>\n<td><font size=\"-1\"><strong><\/strong><\/font><\/td>\n<p><\/tr>\n<tr><\/p>\n<td><font size=\"-1\">Rebsorte<\/font><\/td>\n<td><font size=\"-1\"><strong><\/strong><\/font><\/td>\n<p><\/tr>\n<tr>  <\/p>\n<td><font size=\"-1\">Restzuckergehalt<\/font><\/td>\n<p>  <\/p>\n<td><font size=\"-1\"><strong><\/strong><\/font><\/td>\n<p><\/tr>\n<p><\/p>\n<tr><\/p>\n<td><font size=\"-1\">Alkoholgehalt<\/font><\/td>\n<td><font size=\"-1\"><strong><\/strong><\/font><\/td>\n<p><\/tr>\n<p><\/p>\n<tr>\n<td><font size=\"-1\">Bio:<\/font><\/td>\n<td><font size=\"-1\"><strong>NEIN<\/strong><\/font><\/td>\n<\/tr>\n<p><\/p>\n<tr>\n<td><font size=\"-1\">vegan:<\/font><\/td>\n<td><font size=\"-1\"><strong>NEIN<\/strong><\/font><\/td>\n<\/tr>\n<p><\/p>\n<tr>\n<td><font size=\"-1\">Ursprungsland:<\/font><\/td>\n<td><font size=\"-1\"><strong><\/strong><\/font><\/td>\n<\/tr>\n<p><\/p>\n<tr>\n<td><font size=\"-1\">enth\u00e4lt Allergene:<\/font><\/td>\n<td><font size=\"-1\"><strong>&#8211;<\/strong><\/font><\/td>\n<\/tr>\n<p><\/table>\n","protected":false},"excerpt":{"rendered":"<p>Rotweinessig mit Chili und Zitronengras Hausfrau Gudrun empfiehlt: Entenpfanne s\u00fc\u00df-sauer betr\u00e4ufeln &#8211; Chutneys abrunden. Artikelnummer: 87 Inhalt 0,5 Ltr. Preis\/Ltr. 17,80 EUR pro Ltr. Weinart: Qualit&auml;tsstufe Rebsorte Restzuckergehalt Alkoholgehalt Bio: NEIN vegan: NEIN Ursprungsland: enth\u00e4lt Allergene: &#8211;<\/p>\n","protected":false},"featured_media":35097,"comment_status":"open","ping_status":"closed","template":"","meta":[],"product_brand":[],"product_cat":[7226,7239],"product_tag":[],"class_list":{"0":"post-103546","1":"product","2":"type-product","3":"status-publish","4":"has-post-thumbnail","6":"product_cat-sonstiges","7":"product_cat-essig-verjus","9":"first","10":"instock","11":"taxable","12":"shipping-taxable","13":"purchasable","14":"product-type-simple"},"_links":{"self":[{"href":"https:\/\/www.weingut-cuntz-scheu.de\/Catalog\/index.php?rest_route=\/wp\/v2\/product\/103546"}],"collection":[{"href":"https:\/\/www.weingut-cuntz-scheu.de\/Catalog\/index.php?rest_route=\/wp\/v2\/product"}],"about":[{"href":"https:\/\/www.weingut-cuntz-scheu.de\/Catalog\/index.php?rest_route=\/wp\/v2\/types\/product"}],"replies":[{"embeddable":true,"href":"https:\/\/www.weingut-cuntz-scheu.de\/Catalog\/index.php?rest_route=%2Fwp%2Fv2%2Fcomments&post=103546"}],"wp:featuredmedia":[{"embeddable":true,"href":"https:\/\/www.weingut-cuntz-scheu.de\/Catalog\/index.php?rest_route=\/wp\/v2\/media\/35097"}],"wp:attachment":[{"href":"https:\/\/www.weingut-cuntz-scheu.de\/Catalog\/index.php?rest_route=%2Fwp%2Fv2%2Fmedia&parent=103546"}],"wp:term":[{"taxonomy":"product_brand","embeddable":true,"href":"https:\/\/www.weingut-cuntz-scheu.de\/Catalog\/index.php?rest_route=%2Fwp%2Fv2%2Fproduct_brand&post=103546"},{"taxonomy":"product_cat","embeddable":true,"href":"https:\/\/www.weingut-cuntz-scheu.de\/Catalog\/index.php?rest_route=%2Fwp%2Fv2%2Fproduct_cat&post=103546"},{"taxonomy":"product_tag","embeddable":true,"href":"https:\/\/www.weingut-cuntz-scheu.de\/Catalog\/index.php?rest_route=%2Fwp%2Fv2%2Fproduct_tag&post=103546"}],"curies":[{"name":"wp","href":"https:\/\/api.w.org\/{rel}","templated":true}]}}