{"id":12,"date":"2015-07-24T12:19:42","date_gmt":"2015-07-24T10:19:42","guid":{"rendered":"http:\/\/www.weingut-cuntz-scheu.de\/Catalog\/?page_id=12"},"modified":"2015-07-29T09:13:21","modified_gmt":"2015-07-29T07:13:21","slug":"lieferung-und-zahlung","status":"publish","type":"page","link":"https:\/\/www.weingut-cuntz-scheu.de\/Catalog\/?page_id=12","title":{"rendered":"Lieferung und Zahlung"},"content":{"rendered":"<p><!-- IBGHTML --><\/p>\n<p><strong>Versandbedingungen:<\/strong><\/p>\n<p>Der Versand erfolgt auf Rechnung&nbsp; in 6er und&nbsp;12er Kartons.<\/p>\n<p>Bei Bestellungen mit abweichender Flaschenanzahl \u00fcbernehmen wir keine Haftung im Falle einer Transportbesch\u00e4digung. <\/p>\n<p>Bis zur vollst\u00e4ndigen Bezahlung des Rechnungsbetrages behalten wir uns das Eigentumsrecht an der gelieferten Ware vor.<\/p>\n<hr id=\"null\"><strong>Versandkosten:<\/strong><\/p>\n<p>Au\u00dferhalb unserer regul\u00e4ren Auslieferungsfahrten bieten wir Ihnen bundesweiten Versand (Ausnahme die Inseln)<br \/>in 6er- und&nbsp;12er- Kartons per Paketdienst an. <\/p>\n<p>Die Frachtkosten betragen dabei 8,00 \u20ac je Karton bis 66 Flaschen.<\/p>\n<p>Von 72 bis 131 Flaschen liefern wir gegen 10,00 \u20ac Servicegeb\u00fchr per Spedition.<\/p>\n<p>Ab&nbsp;132 Flaschen liefern wir frachtfrei per Spedition. <\/p>\n<p>Das Angebot ist freibleibend.<\/p>\n<p>Bei Neukunden erfolgt die Lieferung nach Zahlungseingang. <\/p>\n<p>Stammkunden erhalten Ihre Rechnung mit der Lieferung, welche innerhalb von 14 Tagen zu begleichen ist. <\/p>\n<hr id=\"null\"><strong>Bankverbindung:<br \/><\/strong><br \/>Kontoinhaber: Alexandra und Axel Scheu GbR<br \/>IBAN: DE45 5489 1300 0013 0254 01<br \/>BIC: GENODE61BZA<br \/>VR Bank S\u00fcdliche Weinstra\u00dfe-Wasgau eG<\/p>\n","protected":false},"excerpt":{"rendered":"<p>Versandbedingungen: Der Versand erfolgt auf Rechnung&nbsp; in 6er und&nbsp;12er Kartons. Bei Bestellungen mit abweichender Flaschenanzahl \u00fcbernehmen wir keine Haftung im Falle einer Transportbesch\u00e4digung. Bis zur vollst\u00e4ndigen Bezahlung des Rechnungsbetrages behalten wir uns das Eigentumsrecht an der gelieferten Ware vor. Versandkosten: Au\u00dferhalb unserer regul\u00e4ren Auslieferungsfahrten bieten wir Ihnen bundesweiten Versand (Ausnahme die Inseln)in 6er- und&nbsp;12er- Kartons [&hellip;]<\/p>\n","protected":false},"author":1,"featured_media":0,"parent":0,"menu_order":0,"comment_status":"closed","ping_status":"closed","template":"","meta":{"footnotes":""},"class_list":["post-12","page","type-page","status-publish","hentry"],"_links":{"self":[{"href":"https:\/\/www.weingut-cuntz-scheu.de\/Catalog\/index.php?rest_route=\/wp\/v2\/pages\/12"}],"collection":[{"href":"https:\/\/www.weingut-cuntz-scheu.de\/Catalog\/index.php?rest_route=\/wp\/v2\/pages"}],"about":[{"href":"https:\/\/www.weingut-cuntz-scheu.de\/Catalog\/index.php?rest_route=\/wp\/v2\/types\/page"}],"author":[{"embeddable":true,"href":"https:\/\/www.weingut-cuntz-scheu.de\/Catalog\/index.php?rest_route=\/wp\/v2\/users\/1"}],"replies":[{"embeddable":true,"href":"https:\/\/www.weingut-cuntz-scheu.de\/Catalog\/index.php?rest_route=%2Fwp%2Fv2%2Fcomments&post=12"}],"version-history":[{"count":2,"href":"https:\/\/www.weingut-cuntz-scheu.de\/Catalog\/index.php?rest_route=\/wp\/v2\/pages\/12\/revisions"}],"predecessor-version":[{"id":79,"href":"https:\/\/www.weingut-cuntz-scheu.de\/Catalog\/index.php?rest_route=\/wp\/v2\/pages\/12\/revisions\/79"}],"wp:attachment":[{"href":"https:\/\/www.weingut-cuntz-scheu.de\/Catalog\/index.php?rest_route=%2Fwp%2Fv2%2Fmedia&parent=12"}],"curies":[{"name":"wp","href":"https:\/\/api.w.org\/{rel}","templated":true}]}}